{"id":1014,"date":"2016-12-28T10:19:42","date_gmt":"2016-12-28T10:19:42","guid":{"rendered":"http:\/\/www.artemis-arte-pedagogia.it\/?page_id=1014"},"modified":"2017-10-27T09:02:40","modified_gmt":"2017-10-27T09:02:40","slug":"colloqui-informativi","status":"publish","type":"page","link":"https:\/\/www.artemis-arte-pedagogia.it\/?page_id=1014","title":{"rendered":"Colloqui informativi"},"content":{"rendered":"<p>I maestri dell&#8217;associazione Artemis sono disponibili, senza impegno, per colloqui informativi sulla nostra realt\u00e0, sulle attivit\u00e0 proposte e sulle tematiche pedagogico-educative alla base del nostro lavoro con i bambini.<br \/>\nVogliamo offrire ai genitori una specie di Open day permanente in modo da poter conoscere con maggiore facilit\u00e0 ma anche profondit\u00e0 gli elementi caratterizzanti questo percorso educativo, rispondendo cos\u00ec in modo individuale e personalizzato alle loro esigenze.<\/p>\n<p>Chi \u00e8 interessato pu\u00f2 fissare un appuntamento chiamando il 347 9398023 o inviando una email ad artemis.arte.pedagogia@gmail.com<\/p>\n<p>&nbsp;<\/p>\n<!-- AddThis Advanced Settings generic via filter on the_content --><!-- AddThis Share Buttons generic via filter on the_content -->","protected":false},"excerpt":{"rendered":"<p>I maestri dell&#8217;associazione Artemis sono disponibili, senza impegno, per colloqui informativi sulla nostra realt\u00e0, sulle attivit\u00e0 proposte e sulle tematiche pedagogico-educative alla base del nostro lavoro con i bambini.<\/p>\n<p>Vogliamo offrire ai genitori una specie di Open day permanente in modo da poter conoscere con maggiore facilit\u00e0 ma anche profondit\u00e0 gli elementi caratterizzanti questo percorso educativo, rispondendo cos\u00ec in modo individuale e personalizzato alle loro esigenze.<!-- AddThis Advanced Settings generic via filter on get_the_excerpt --><!-- AddThis Share Buttons generic via filter on get_the_excerpt --><\/p>\n","protected":false},"author":1,"featured_media":337,"parent":0,"menu_order":0,"comment_status":"closed","ping_status":"closed","template":"","meta":{"ngg_post_thumbnail":0},"_links":{"self":[{"href":"https:\/\/www.artemis-arte-pedagogia.it\/index.php?rest_route=\/wp\/v2\/pages\/1014"}],"collection":[{"href":"https:\/\/www.artemis-arte-pedagogia.it\/index.php?rest_route=\/wp\/v2\/pages"}],"about":[{"href":"https:\/\/www.artemis-arte-pedagogia.it\/index.php?rest_route=\/wp\/v2\/types\/page"}],"author":[{"embeddable":true,"href":"https:\/\/www.artemis-arte-pedagogia.it\/index.php?rest_route=\/wp\/v2\/users\/1"}],"replies":[{"embeddable":true,"href":"https:\/\/www.artemis-arte-pedagogia.it\/index.php?rest_route=%2Fwp%2Fv2%2Fcomments&post=1014"}],"version-history":[{"count":6,"href":"https:\/\/www.artemis-arte-pedagogia.it\/index.php?rest_route=\/wp\/v2\/pages\/1014\/revisions"}],"predecessor-version":[{"id":1371,"href":"https:\/\/www.artemis-arte-pedagogia.it\/index.php?rest_route=\/wp\/v2\/pages\/1014\/revisions\/1371"}],"wp:featuredmedia":[{"embeddable":true,"href":"https:\/\/www.artemis-arte-pedagogia.it\/index.php?rest_route=\/wp\/v2\/media\/337"}],"wp:attachment":[{"href":"https:\/\/www.artemis-arte-pedagogia.it\/index.php?rest_route=%2Fwp%2Fv2%2Fmedia&parent=1014"}],"curies":[{"name":"wp","href":"https:\/\/api.w.org\/{rel}","templated":true}]}}