{"id":119,"date":"2015-05-10T14:43:45","date_gmt":"2015-05-10T14:43:45","guid":{"rendered":"http:\/\/www.artemis-arte-pedagogia.it\/?page_id=119"},"modified":"2025-12-04T22:27:02","modified_gmt":"2025-12-04T22:27:02","slug":"chi-siamo","status":"publish","type":"page","link":"https:\/\/www.artemis-arte-pedagogia.it\/?page_id=119","title":{"rendered":"L&#8217;associazione"},"content":{"rendered":"<p>L\u2019Associazione di promozione sociale Artemis nasce dal desiderio di &nbsp;sviluppare e radicare a Trieste un&#8217;Associazione di genitori, che, avvalendosi del supporto di operatori con formazione in pedagogia steineriana, abbiano come finalit\u00e0 il sano, sereno ed equilibrato sviluppo del bambino. Le nostre iniziative si fondano sulla pedagogia Steiner-Waldorf. Le attivit\u00e0 rivolte ai bimbi hanno l\u2019obiettivo di sviluppare e valorizzare talenti, competenze, favorire esperienze significative e strutturanti, lenire blocchi e difficolt\u00e0, il tutto all\u2019insegna di esperienze e relazioni gioiose e gratificanti.<\/p>\n<p>Agli adulti, offriamo incontri culturali e di formazione, sia nella veste di conferenze e seminari che di gruppi di studio e condivisione, attivit\u00e0 artistiche, incontri conviviali, <a name=\"14d4d1d57a2cf8d6__GoBack\"><\/a>per promuovere il benessere e la crescita personale dell\u2019individuo e l\u2019acquisizione di strumenti necessari ad affrontare in modo sereno e sicuro il mestiere di genitore, nonch\u00e9 le svariate situazioni di vita.<\/p>\n<p>Le nostre attivit\u00e0 sono rivolte ai soci.<\/p>\n<p><strong>COME DIVENIRE NOSTRO SOCIO<\/strong><\/p>\n<p>Associarsi \u00e8 semplice! Nel caso tu voglia divenire nostro socio per prima cosa dovrai scaricare e leggere lo statuto, lo puoi scaricare <a href=\"https:\/\/www.artemis-arte-pedagogia.it\/wp-content\/uploads\/2015\/05\/APS_-_Statuto_Artemis_utima_revisione_17_05_2021.pdf\">da qui<\/a>.&nbsp; Quindi dovrai:<\/p>\n<p>1)<a href=\"https:\/\/www.artemis-arte-pedagogia.it\/wp-content\/uploads\/2015\/06\/StatutoArtemis1.pdf\">&nbsp;<\/a>Scaricare, compilare in ogni sua parte e firmare il modulo associativo (scarica&nbsp;<a href=\"https:\/\/www.artemis-arte-pedagogia.it\/wp-content\/uploads\/2015\/05\/DomandaAmmisioneSocio.pdf\">da questo link<\/a>)<\/p>\n<p>2) Scaricare, leggere e firmare l&#8217;informativa sul trattamento dei dati personali (scarica<a href=\"https:\/\/www.artemis-arte-pedagogia.it\/wp-content\/uploads\/2015\/05\/Informativa-privacy.pdf\"> da questo link<\/a>).&nbsp;<\/p>\n<p>3) Inviare il modulo associativo compilato e l&#8217;informativa sulla privacy firmata all&#8217;indirizzo e-mail&nbsp;<a href=\"mailto:artemis.arte.pedagogia@gmail.com\">artemis.arte.pedagogia@gmail.com &nbsp;<\/a><strong>assieme ad una copia di un tuo documento di identit\u00e0<\/strong><\/p>\n<p>4) L&#8217;associazione, come previsto da statuto, valuter\u00e0 la tua richiesta. Nel momento in cui la tua richiesta verr\u00e0 accettata (risponderemo alla tua e-mail) dovrai versare la quota associativa di <strong>euro 15<\/strong>&nbsp; con un bonifico bancario sul conto<\/p>\n<pre>ARTEMIS APS\nIBAN: IT 51 Q 05018 02200 000012383600\n<\/pre>\n<p><strong>Ricordati di specificare nella causale del bonifico la dicitura <em>QUOTA ASSOCIATIVA<\/em> ed il tuo nome e cognome<\/strong><\/p>\n<p>Terminati questi semplici passi potrai&nbsp;partecipare alle nostre iniziative e proseguire insieme a noi in questo cammino di continua scoperta, conoscenza e crescita!<\/p>\n<p style=\"text-align: left;\"><a href=\"https:\/\/www.artemis-arte-pedagogia.it\/wp-content\/uploads\/2015\/05\/APS-Statuto_Artemis.pdf\">Scarica qui lo statuto dell&#8217;associazione<\/a><\/p>\n<p>&nbsp;<\/p>\n<h3>&#8220;Emozionalmente&#8221;- Iniziativa di formazione con contributo della&nbsp; regione autonoma Friuli-Venezia Giulia<a href=\"https:\/\/www.artemis-arte-pedagogia.it\/wp-content\/uploads\/2024\/06\/logo_sm-n-1.png\"><img decoding=\"async\" loading=\"lazy\" class=\"size-medium wp-image-1898 alignleft\" src=\"https:\/\/www.artemis-arte-pedagogia.it\/wp-content\/uploads\/2024\/06\/logo_sm-n-1-300x68.png\" alt=\"\" width=\"300\" height=\"68\" srcset=\"https:\/\/www.artemis-arte-pedagogia.it\/wp-content\/uploads\/2024\/06\/logo_sm-n-1-300x68.png 300w, https:\/\/www.artemis-arte-pedagogia.it\/wp-content\/uploads\/2024\/06\/logo_sm-n-1.png 355w\" sizes=\"(max-width: 300px) 100vw, 300px\" \/><\/a><\/h3>\n<p><em>Regione Friuli Venezia Giulia &#8211; Contributi a favore delle associazioni di promozione sociale, di cui agli articoli 23 e 28 della legge regionale 9 novembre 2012, n. 23 (Disciplina organica sul volontariato e sulle associazioni di promozione sociale) emanato con D.P.Reg. 7 luglio 2014, n. 0141\/Pres e successive modifiche e integrazioni. Contributo assegnato con decreto n.26062\/GRFVG del 30\/05\/2024<\/em><\/p>\n<p><strong>Partner: ARTEMIS A.P.S., A.P.S. LA BUSSOLA D&#8217;ORO, CERCHIO DI GAIA A.P.S<\/strong><\/p>\n<p><strong>Titolo dell\u2019iniziativa: EMOZIONAL-MENTE<\/strong><\/p>\n<p><em><strong>Descrizione sintetica e riassuntiva dell\u2019iniziativa:<\/strong><\/em><br \/>\nNonostante il mondo abbia fatto grandi progressi in termini di benessere economico, sociale e culturale, il percorso positivo intrapreso ha subito un brusco colpo di arresto dal 2020. Pandemia, guerre, crisi economica, ecc. stanno rivoluzionando in senso negativo le vite dei Cittadini.<br \/>\nChi ne sta pagando un caro prezzo sono i minori, il cui disagio sociale, emozionale e psicologico sta crescendo in maniera importante ed \u00e8 visibile agli occhi di tutti. Inoltre, nelle nuove generazioni la mediazione comunicativa e sociale &#8211; attraverso i mezzi tecnologici \u2013 sta accrescendo le insicurezze e il disagio, facendo insorgere nuovi disturbi e psicopatologie \u201cdigitali\u201d.<br \/>\nL\u2019iniziativa consiste in un percorso di formazione e di aggiornamento in educazione emozionale finalizzato all\u2019acquisizione di nozioni, informazioni e strumenti di gestione delle emozioni come strumento per il contrasto di fenomeni come l\u2019isolamento sociale, il suicidio giovanile, la violenza e il bullismo nelle loro diverse espressioni, l\u2019odio di genere e il non rispetto dell\u2019altro.<br \/>\nLa metodologia utilizzata \u00e8 teorico-pratica, cio\u00e8 l\u2019affiancamento di incontri puramente nozionistici con incontri\/laboratori di esercitazione e messa in pratica.<br \/>\nLe tematiche trattate riguarderanno: le tappe della crescita in et\u00e0 evolutiva e dello sviluppo, principali crisi e disturbi; \u201darte della parola\u201d, la capacit\u00e0 di interpretare la \u201cnarrazione del s\u00e9\u201d; comprensione del minore grazie all\u2019espressione pittorica; i nuovi disturbi \u201cdigitali\u201d.<br \/>\nObiettivi \u00e8 l\u2019incremento delle conoscenze su et\u00e0 evolutiva e principali problematiche, della capacit\u00e0 di percezione del bisogno dei minori e della capacit\u00e0 di fronteggiare le crisi ed il disagio degli stesi.<\/p>\n<p><em>Avvio: 01\/06\/2024 Termine: 31\/05\/2025<\/em><\/p>\n<h2>Altri documenti<\/h2>\n<p><strong>Contributi pubblici di cui Artemis \u00e8 risultata beneficiaria per data d&#8217;incasso: <a href=\"https:\/\/www.artemis-arte-pedagogia.it\/wp-content\/uploads\/2025\/06\/Elenco-contributi-pubblici-ARTEMIS_2024.pdf\" target=\"_blank\" rel=\"noopener\">clicca qui per scaricare il documento<\/a><\/strong><\/p>\n<p><strong>Emolumenti, compensi o corrispettivi a qualsiasi titolo attribuiti ai componenti degli organi di amministrazione e controllo, ai dirigenti nonch\u00e9 agli associati: <a href=\"https:\/\/www.artemis-arte-pedagogia.it\/wp-content\/uploads\/2024\/06\/Dichiarazione-annuale-compensi-organi-e-associati_2023.pdf\">clicca qui per scaricare il documento per il 2023<\/a> e <a href=\"https:\/\/www.artemis-arte-pedagogia.it\/wp-content\/uploads\/2025\/06\/Dichiarazione-annuale-compensi-organi-e-associati_2024.pdf\">qui per il 2024<\/a><\/strong><\/p>\n<!-- AddThis Advanced Settings generic via filter on the_content --><!-- AddThis Share Buttons generic via filter on the_content -->","protected":false},"excerpt":{"rendered":"<p>L\u2019Associazione di promozione sociale Artemis nasce dal desiderio di &nbsp;sviluppare e radicare a Trieste un&#8217;Associazione di genitori, che, avvalendosi del supporto di operatori con formazione in pedagogia steineriana, abbiano come finalit\u00e0 il sano, sereno ed equilibrato sviluppo del bambino. Le nostre iniziative si fondano sulla pedagogia Steiner-Waldorf. Le attivit\u00e0 rivolte ai bimbi hanno l\u2019obiettivo di sviluppare e valorizzare talenti, competenze, favorire esperienze significative e strutturanti, lenire blocchi e difficolt\u00e0, il tutto all\u2019insegna di esperienze e relazioni gioiose e gratificanti. Agli<a class=\"more-link\" href=\"https:\/\/www.artemis-arte-pedagogia.it\/?page_id=119\"><span>Continua a leggere&#8230;<\/span><\/a><!-- AddThis Advanced Settings generic via filter on get_the_excerpt --><!-- AddThis Share Buttons generic via filter on get_the_excerpt --><\/p>\n","protected":false},"author":1,"featured_media":0,"parent":0,"menu_order":3,"comment_status":"closed","ping_status":"closed","template":"","meta":{"ngg_post_thumbnail":0},"_links":{"self":[{"href":"https:\/\/www.artemis-arte-pedagogia.it\/index.php?rest_route=\/wp\/v2\/pages\/119"}],"collection":[{"href":"https:\/\/www.artemis-arte-pedagogia.it\/index.php?rest_route=\/wp\/v2\/pages"}],"about":[{"href":"https:\/\/www.artemis-arte-pedagogia.it\/index.php?rest_route=\/wp\/v2\/types\/page"}],"author":[{"embeddable":true,"href":"https:\/\/www.artemis-arte-pedagogia.it\/index.php?rest_route=\/wp\/v2\/users\/1"}],"replies":[{"embeddable":true,"href":"https:\/\/www.artemis-arte-pedagogia.it\/index.php?rest_route=%2Fwp%2Fv2%2Fcomments&post=119"}],"version-history":[{"count":49,"href":"https:\/\/www.artemis-arte-pedagogia.it\/index.php?rest_route=\/wp\/v2\/pages\/119\/revisions"}],"predecessor-version":[{"id":2096,"href":"https:\/\/www.artemis-arte-pedagogia.it\/index.php?rest_route=\/wp\/v2\/pages\/119\/revisions\/2096"}],"wp:attachment":[{"href":"https:\/\/www.artemis-arte-pedagogia.it\/index.php?rest_route=%2Fwp%2Fv2%2Fmedia&parent=119"}],"curies":[{"name":"wp","href":"https:\/\/api.w.org\/{rel}","templated":true}]}}